{"id":97,"date":"2023-01-14T01:27:37","date_gmt":"2023-01-14T01:27:37","guid":{"rendered":"https:\/\/comercializadoramero.cl\/?page_id=97"},"modified":"2023-08-11T20:09:59","modified_gmt":"2023-08-11T20:09:59","slug":"maquinaria","status":"publish","type":"page","link":"https:\/\/comercializadoramero.cl\/?page_id=97","title":{"rendered":"Maquinaria"},"content":{"rendered":"[et_pb_section admin_label=\u00bbsection\u00bb]\n\t\t\t[et_pb_row admin_label=\u00bbrow\u00bb]\n\t\t\t\t[et_pb_column type=\u00bb4_4&#8243;][et_pb_text admin_label=\u00bbText\u00bb]\n<h3 class=\"wp-block-heading\">Todo tipo de motores<\/h3>\n\n\n\n<p>Adem\u00e1s:<\/p>\n\n\n\n<ul class=\"wp-block-list\">\n<li>O.E.M. y equivalencias.<\/li>\n\n\n\n<li>Motores, kits de reparaci\u00f3n, culatas engranajes, mandos finales.<\/li>\n\n\n\n<li>Transmisiones reconstruidas, frenos, diferenciales, torque, ejes.<\/li>\n<\/ul>\n\n\n\n<figure class=\"wp-block-image size-full is-resized is-style-default\"><img loading=\"lazy\" decoding=\"async\" src=\"https:\/\/comercializadoramero.cl\/wp-content\/uploads\/2023\/01\/maq-1.jpg\" alt=\"\" class=\"wp-image-127\" width=\"465\" height=\"311\"\/><\/figure>\n\n\n\n<h2 class=\"wp-block-heading\">Adem\u00e1s<\/h2>\n\n\n\n<h3 class=\"wp-block-heading\">Bombas hidr\u00e1ulicas<\/h3>\n\n\n\n<ul class=\"wp-block-list\">\n<li>Bombas hidr\u00e1ulicas de pistones.\n<ul class=\"wp-block-list\"><\/ul>\n<\/li>\n\n\n\n<li>Bombas hidr\u00e1ulicas de engranajes.<\/li>\n\n\n\n<li>Bombas hidr\u00e1ulicas voac.<\/li>\n\n\n\n<li>Bombas de doble caudal.<\/li>\n<\/ul>\n\n\n\n<hr class=\"wp-block-separator has-alpha-channel-opacity\"\/>\n\n\n\n<h3 class=\"wp-block-heading\">Convertidores catal\u00edticos para maquinaria pesada.<\/h3>\n\n\n\n<p>Todo tipo de motores, entre ellos:<\/p>\n\n\n\n<ul class=\"wp-block-list\">\n<li>Deutz<\/li>\n\n\n\n<li>Jhon Deere<\/li>\n\n\n\n<li>Cummins<\/li>\n\n\n\n<li>Caterpillar<\/li>\n\n\n\n<li>Detroit\/Allison<\/li>\n<\/ul>\n\n\n\n<figure class=\"wp-block-image size-full is-resized\"><img loading=\"lazy\" decoding=\"async\" src=\"https:\/\/comercializadoramero.cl\/wp-content\/uploads\/2023\/01\/motobombas.jpg\" alt=\"\" class=\"wp-image-133\" width=\"465\" height=\"309\"\/><\/figure>\n[\/et_pb_text][\/et_pb_column]\n\t\t\t[\/et_pb_row]\n\t\t[\/et_pb_section]","protected":false},"excerpt":{"rendered":"<p>Todo tipo de motores Adem\u00e1s: O.E.M. y equivalencias. Motores, kits de reparaci\u00f3n, culatas engranajes, mandos finales. Transmisiones reconstruidas, frenos, diferenciales, torque, ejes. Adem\u00e1s Bombas hidr\u00e1ulicas Bombas hidr\u00e1ulicas de pistones. Bombas hidr\u00e1ulicas de engranajes. Bombas hidr\u00e1ulicas voac. Bombas de doble caudal. Convertidores catal\u00edticos para maquinaria pesada. Todo tipo de motores, entre ellos: Deutz Jhon Deere Cummins [&hellip;]<\/p>\n","protected":false},"author":1,"featured_media":0,"parent":0,"menu_order":0,"comment_status":"closed","ping_status":"closed","template":"","meta":{"_et_pb_use_builder":"on","_et_pb_old_content":"<!-- wp:heading {\"level\":3} -->\n<h3>Todo tipo de motores<\/h3>\n<!-- \/wp:heading -->\n\n<!-- wp:paragraph -->\n<p>Adem\u00e1s:<\/p>\n<!-- \/wp:paragraph -->\n\n<!-- wp:list -->\n<ul><!-- wp:list-item -->\n<li>O.E.M. y equivalencias.<\/li>\n<!-- \/wp:list-item -->\n\n<!-- wp:list-item -->\n<li>Motores, kits de reparaci\u00f3n, culatas engranajes, mandos finales.<\/li>\n<!-- \/wp:list-item -->\n\n<!-- wp:list-item -->\n<li>Transmisiones reconstruidas, frenos, diferenciales, torque, ejes.<\/li>\n<!-- \/wp:list-item --><\/ul>\n<!-- \/wp:list -->\n\n<!-- wp:image {\"id\":127,\"width\":465,\"height\":311,\"sizeSlug\":\"full\",\"linkDestination\":\"none\",\"className\":\"is-style-default\"} -->\n<figure class=\"wp-block-image size-full is-resized is-style-default\"><img src=\"https:\/\/comercializadoramero.cl\/wp-content\/uploads\/2023\/01\/maq-1.jpg\" alt=\"\" class=\"wp-image-127\" width=\"465\" height=\"311\"\/><\/figure>\n<!-- \/wp:image -->\n\n<!-- wp:heading -->\n<h2>Adem\u00e1s<\/h2>\n<!-- \/wp:heading -->\n\n<!-- wp:heading {\"level\":3} -->\n<h3>Bombas hidr\u00e1ulicas<\/h3>\n<!-- \/wp:heading -->\n\n<!-- wp:list -->\n<ul><!-- wp:list-item -->\n<li>Bombas hidr\u00e1ulicas de pistones.<!-- wp:list -->\n<ul><\/ul>\n<!-- \/wp:list --><\/li>\n<!-- \/wp:list-item -->\n\n<!-- wp:list-item -->\n<li>Bombas hidr\u00e1ulicas de engranajes.<\/li>\n<!-- \/wp:list-item -->\n\n<!-- wp:list-item -->\n<li>Bombas hidr\u00e1ulicas voac.<\/li>\n<!-- \/wp:list-item -->\n\n<!-- wp:list-item -->\n<li>Bombas de doble caudal.<\/li>\n<!-- \/wp:list-item --><\/ul>\n<!-- \/wp:list -->\n\n<!-- wp:separator -->\n<hr class=\"wp-block-separator has-alpha-channel-opacity\"\/>\n<!-- \/wp:separator -->\n\n<!-- wp:heading {\"level\":3} -->\n<h3>Convertidores catal\u00edticos para maquinaria pesada.<\/h3>\n<!-- \/wp:heading -->\n\n<!-- wp:paragraph -->\n<p>Todo tipo de motores, entre ellos:<\/p>\n<!-- \/wp:paragraph -->\n\n<!-- wp:list -->\n<ul><!-- wp:list-item -->\n<li>Deutz<\/li>\n<!-- \/wp:list-item -->\n\n<!-- wp:list-item -->\n<li>Jhon Deere<\/li>\n<!-- \/wp:list-item -->\n\n<!-- wp:list-item -->\n<li>Cummins<\/li>\n<!-- \/wp:list-item -->\n\n<!-- wp:list-item -->\n<li>Caterpillar<\/li>\n<!-- \/wp:list-item -->\n\n<!-- wp:list-item -->\n<li>Detroit\/Allison<\/li>\n<!-- \/wp:list-item --><\/ul>\n<!-- \/wp:list -->\n\n<!-- wp:image {\"id\":133,\"width\":465,\"height\":309,\"sizeSlug\":\"full\",\"linkDestination\":\"none\"} -->\n<figure class=\"wp-block-image size-full is-resized\"><img src=\"https:\/\/comercializadoramero.cl\/wp-content\/uploads\/2023\/01\/motobombas.jpg\" alt=\"\" class=\"wp-image-133\" width=\"465\" height=\"309\"\/><\/figure>\n<!-- \/wp:image -->","_et_gb_content_width":"1080","footnotes":""},"class_list":["post-97","page","type-page","status-publish","hentry"],"_links":{"self":[{"href":"https:\/\/comercializadoramero.cl\/index.php?rest_route=\/wp\/v2\/pages\/97","targetHints":{"allow":["GET"]}}],"collection":[{"href":"https:\/\/comercializadoramero.cl\/index.php?rest_route=\/wp\/v2\/pages"}],"about":[{"href":"https:\/\/comercializadoramero.cl\/index.php?rest_route=\/wp\/v2\/types\/page"}],"author":[{"embeddable":true,"href":"https:\/\/comercializadoramero.cl\/index.php?rest_route=\/wp\/v2\/users\/1"}],"replies":[{"embeddable":true,"href":"https:\/\/comercializadoramero.cl\/index.php?rest_route=%2Fwp%2Fv2%2Fcomments&post=97"}],"version-history":[{"count":5,"href":"https:\/\/comercializadoramero.cl\/index.php?rest_route=\/wp\/v2\/pages\/97\/revisions"}],"predecessor-version":[{"id":192,"href":"https:\/\/comercializadoramero.cl\/index.php?rest_route=\/wp\/v2\/pages\/97\/revisions\/192"}],"wp:attachment":[{"href":"https:\/\/comercializadoramero.cl\/index.php?rest_route=%2Fwp%2Fv2%2Fmedia&parent=97"}],"curies":[{"name":"wp","href":"https:\/\/api.w.org\/{rel}","templated":true}]}}